{"id":2079,"date":"2023-02-05T14:53:59","date_gmt":"2023-02-05T14:53:59","guid":{"rendered":"https:\/\/swiss.speed.hebergement-com4design.fr\/worldwide-fr\/"},"modified":"2023-02-10T23:30:01","modified_gmt":"2023-02-10T23:30:01","slug":"a-travers-le-monde","status":"publish","type":"page","link":"https:\/\/aajewel.speed.hebergement-com4design.fr\/fr\/a-travers-le-monde\/","title":{"rendered":"\u00c0 travers le monde"},"content":{"rendered":"\t\t<div data-elementor-type=\"wp-page\" data-elementor-id=\"2079\" class=\"elementor elementor-2079 elementor-849\" data-elementor-post-type=\"page\">\n\t\t\t\t\t\t<section class=\"elementor-section elementor-top-section elementor-element elementor-element-203e627 elementor-section-boxed elementor-section-height-default elementor-section-height-default\" data-id=\"203e627\" data-element_type=\"section\" data-e-type=\"section\">\n\t\t\t\t\t\t<div class=\"elementor-container elementor-column-gap-default\">\n\t\t\t\t\t<div class=\"elementor-column elementor-col-100 elementor-top-column elementor-element elementor-element-d16be7b\" data-id=\"d16be7b\" data-element_type=\"column\" data-e-type=\"column\">\n\t\t\t<div class=\"elementor-widget-wrap elementor-element-populated\">\n\t\t\t\t\t\t<div class=\"elementor-element elementor-element-49d8c09 elementor-widget elementor-widget-heading\" data-id=\"49d8c09\" data-element_type=\"widget\" data-e-type=\"widget\" data-widget_type=\"heading.default\">\n\t\t\t\t<div class=\"elementor-widget-container\">\n\t\t\t\t\t<h2 class=\"elementor-heading-title elementor-size-default\">\u00c0 travers le monde<\/h2>\t\t\t\t<\/div>\n\t\t\t\t<\/div>\n\t\t\t\t<div class=\"elementor-element elementor-element-050c0d8 elementor-widget elementor-widget-heading\" data-id=\"050c0d8\" data-element_type=\"widget\" data-e-type=\"widget\" data-widget_type=\"heading.default\">\n\t\t\t\t<div class=\"elementor-widget-container\">\n\t\t\t\t\t<h1 class=\"elementor-heading-title elementor-size-default\">A&amp;A Jewellery : <br> une pr\u00e9sence internationale<\/h1>\t\t\t\t<\/div>\n\t\t\t\t<\/div>\n\t\t\t\t<div class=\"elementor-element elementor-element-67caf22 elementor-widget__width-initial elementor-widget-mobile__width-initial elementor-widget elementor-widget-text-editor\" data-id=\"67caf22\" data-element_type=\"widget\" data-e-type=\"widget\" data-widget_type=\"text-editor.default\">\n\t\t\t\t<div class=\"elementor-widget-container\">\n\t\t\t\t\t\t\t\t\t<p>Notre si\u00e8ge social et notre direction commerciale sont bas\u00e9s en Suisse.<br \/>\nNotre centre de production est install\u00e9 \u00e0 Jaipur, capitale de la joaillerie en Inde. Il est compos\u00e9 de 3 usines \u00e9quip\u00e9es de machines performantes et soigneusement entretenues.<\/p>\n\t\t\t\t\t\t\t\t<\/div>\n\t\t\t\t<\/div>\n\t\t\t\t\t<\/div>\n\t\t<\/div>\n\t\t\t\t\t<\/div>\n\t\t<\/section>\n\t\t\t\t<section class=\"elementor-section elementor-top-section elementor-element elementor-element-9135dbf elementor-section-height-min-height elementor-section-full_width elementor-section-height-default elementor-section-items-middle\" data-id=\"9135dbf\" data-element_type=\"section\" data-e-type=\"section\" data-settings=\"{&quot;background_background&quot;:&quot;classic&quot;}\">\n\t\t\t\t\t\t\t<div class=\"elementor-background-overlay\"><\/div>\n\t\t\t\t\t\t\t<div class=\"elementor-container elementor-column-gap-no\">\n\t\t\t\t\t<div class=\"elementor-column elementor-col-100 elementor-top-column elementor-element elementor-element-b8fd1aa\" data-id=\"b8fd1aa\" data-element_type=\"column\" data-e-type=\"column\">\n\t\t\t<div class=\"elementor-widget-wrap elementor-element-populated\">\n\t\t\t\t\t\t<div class=\"elementor-element elementor-element-a566dc6 elementor-widget elementor-widget-image\" data-id=\"a566dc6\" data-element_type=\"widget\" data-e-type=\"widget\" data-widget_type=\"image.default\">\n\t\t\t\t<div class=\"elementor-widget-container\">\n\t\t\t\t\t\t\t\t\t\t\t\t\t\t\t<img fetchpriority=\"high\" decoding=\"async\" width=\"1366\" height=\"420\" src=\"https:\/\/aajewel.speed.hebergement-com4design.fr\/wp-content\/uploads\/2023\/02\/Groupe-53174-1.png\" class=\"attachment-full size-full wp-image-2027\" alt=\"\" srcset=\"https:\/\/aajewel.speed.hebergement-com4design.fr\/wp-content\/uploads\/2023\/02\/Groupe-53174-1.png 1366w, https:\/\/aajewel.speed.hebergement-com4design.fr\/wp-content\/uploads\/2023\/02\/Groupe-53174-1-300x92.png 300w, https:\/\/aajewel.speed.hebergement-com4design.fr\/wp-content\/uploads\/2023\/02\/Groupe-53174-1-1024x315.png 1024w, https:\/\/aajewel.speed.hebergement-com4design.fr\/wp-content\/uploads\/2023\/02\/Groupe-53174-1-768x236.png 768w\" sizes=\"(max-width: 1366px) 100vw, 1366px\" \/>\t\t\t\t\t\t\t\t\t\t\t\t\t\t\t<\/div>\n\t\t\t\t<\/div>\n\t\t\t\t\t<\/div>\n\t\t<\/div>\n\t\t\t\t\t<\/div>\n\t\t<\/section>\n\t\t\t\t<section class=\"elementor-section elementor-top-section elementor-element elementor-element-9f28a87 elementor-section-boxed elementor-section-height-default elementor-section-height-default\" data-id=\"9f28a87\" data-element_type=\"section\" data-e-type=\"section\" data-settings=\"{&quot;background_background&quot;:&quot;classic&quot;}\">\n\t\t\t\t\t\t<div class=\"elementor-container elementor-column-gap-default\">\n\t\t\t\t\t<div class=\"elementor-column elementor-col-100 elementor-top-column elementor-element elementor-element-db02ba7\" data-id=\"db02ba7\" data-element_type=\"column\" data-e-type=\"column\">\n\t\t\t<div class=\"elementor-widget-wrap elementor-element-populated\">\n\t\t\t\t\t\t<div class=\"elementor-element elementor-element-f3edcf3 elementor-widget__width-initial elementor-widget elementor-widget-text-editor\" data-id=\"f3edcf3\" data-element_type=\"widget\" data-e-type=\"widget\" data-widget_type=\"text-editor.default\">\n\t\t\t\t<div class=\"elementor-widget-container\">\n\t\t\t\t\t\t\t\t\t<p>Nous disposons d\u2019une succursale \u00e0 Londres, au Royaume-Uni, qui nous permet d\u2019\u00eatre plus proches de nos clients anglo-saxons. Nous assistons r\u00e9guli\u00e8rement aux expositions internationales organis\u00e9es en Italie, en Allemagne, en Suisse ou \u00e0 Hong Kong.<\/p>\n<p>Gr\u00e2ce \u00e0 nos partenariats avec les marques de bijoux les plus prestigieuses, nous sommes pr\u00e9sents dans plus de 30 pays, dont les USA, l\u2019Allemagne, l\u2019Angleterre, l\u2019Espagne, l\u2019Am\u00e9rique du Sud, l\u2019Australie, la Norv\u00e8ge, la Su\u00e8de et la Finlande.<\/p>\n\t\t\t\t\t\t\t\t<\/div>\n\t\t\t\t<\/div>\n\t\t\t\t\t<\/div>\n\t\t<\/div>\n\t\t\t\t\t<\/div>\n\t\t<\/section>\n\t\t\t\t<section class=\"elementor-section elementor-top-section elementor-element elementor-element-85342dd elementor-section-boxed elementor-section-height-default elementor-section-height-default\" data-id=\"85342dd\" data-element_type=\"section\" data-e-type=\"section\">\n\t\t\t\t\t\t<div class=\"elementor-container elementor-column-gap-default\">\n\t\t\t\t\t<div class=\"elementor-column elementor-col-100 elementor-top-column elementor-element elementor-element-5eac57c\" data-id=\"5eac57c\" data-element_type=\"column\" data-e-type=\"column\">\n\t\t\t<div class=\"elementor-widget-wrap elementor-element-populated\">\n\t\t\t\t\t\t<div class=\"elementor-element elementor-element-0550d5f elementor-widget elementor-widget-heading\" data-id=\"0550d5f\" data-element_type=\"widget\" data-e-type=\"widget\" data-widget_type=\"heading.default\">\n\t\t\t\t<div class=\"elementor-widget-container\">\n\t\t\t\t\t<h2 class=\"elementor-heading-title elementor-size-default\">\u00c0 travers le monde<\/h2>\t\t\t\t<\/div>\n\t\t\t\t<\/div>\n\t\t\t\t\t<\/div>\n\t\t<\/div>\n\t\t\t\t\t<\/div>\n\t\t<\/section>\n\t\t\t\t<section class=\"elementor-section elementor-top-section elementor-element elementor-element-d580d4b elementor-section-boxed elementor-section-height-default elementor-section-height-default\" data-id=\"d580d4b\" data-element_type=\"section\" data-e-type=\"section\">\n\t\t\t\t\t\t<div class=\"elementor-container elementor-column-gap-default\">\n\t\t\t\t\t<div class=\"elementor-column elementor-col-100 elementor-top-column elementor-element elementor-element-83ee36a\" data-id=\"83ee36a\" data-element_type=\"column\" data-e-type=\"column\">\n\t\t\t<div class=\"elementor-widget-wrap elementor-element-populated\">\n\t\t\t\t\t\t<div class=\"elementor-element elementor-element-19b0e07 elementor-widget elementor-widget-image\" data-id=\"19b0e07\" data-element_type=\"widget\" data-e-type=\"widget\" data-widget_type=\"image.default\">\n\t\t\t\t<div class=\"elementor-widget-container\">\n\t\t\t\t\t\t\t\t\t\t\t\t\t\t\t<img decoding=\"async\" width=\"1307\" height=\"705\" src=\"https:\/\/aajewel.speed.hebergement-com4design.fr\/wp-content\/uploads\/2023\/02\/map-1.png\" class=\"attachment-full size-full wp-image-2038\" alt=\"\" srcset=\"https:\/\/aajewel.speed.hebergement-com4design.fr\/wp-content\/uploads\/2023\/02\/map-1.png 1307w, https:\/\/aajewel.speed.hebergement-com4design.fr\/wp-content\/uploads\/2023\/02\/map-1-300x162.png 300w, https:\/\/aajewel.speed.hebergement-com4design.fr\/wp-content\/uploads\/2023\/02\/map-1-1024x552.png 1024w, https:\/\/aajewel.speed.hebergement-com4design.fr\/wp-content\/uploads\/2023\/02\/map-1-768x414.png 768w\" sizes=\"(max-width: 1307px) 100vw, 1307px\" \/>\t\t\t\t\t\t\t\t\t\t\t\t\t\t\t<\/div>\n\t\t\t\t<\/div>\n\t\t\t\t\t<\/div>\n\t\t<\/div>\n\t\t\t\t\t<\/div>\n\t\t<\/section>\n\t\t\t\t<section class=\"elementor-section elementor-top-section elementor-element elementor-element-e9c354d elementor-section-full_width elementor-section-height-default elementor-section-height-default\" data-id=\"e9c354d\" data-element_type=\"section\" data-e-type=\"section\">\n\t\t\t\t\t\t<div class=\"elementor-container elementor-column-gap-default\">\n\t\t\t\t\t<div class=\"elementor-column elementor-col-100 elementor-top-column elementor-element elementor-element-be90e45\" data-id=\"be90e45\" data-element_type=\"column\" data-e-type=\"column\">\n\t\t\t<div class=\"elementor-widget-wrap elementor-element-populated\">\n\t\t\t\t\t\t<div class=\"elementor-element elementor-element-83f65e5 elementor-widget elementor-widget-template\" data-id=\"83f65e5\" data-element_type=\"widget\" data-e-type=\"widget\" data-widget_type=\"template.default\">\n\t\t\t\t<div class=\"elementor-widget-container\">\n\t\t\t\t\t\t\t<div class=\"elementor-template\">\n\t\t\t\t\t<div data-elementor-type=\"section\" data-elementor-id=\"2101\" class=\"elementor elementor-2101 elementor-1470\" data-elementor-post-type=\"elementor_library\">\n\t\t\t\t\t<section class=\"elementor-section elementor-top-section elementor-element elementor-element-5935daf elementor-section-boxed elementor-section-height-default elementor-section-height-default\" data-id=\"5935daf\" data-element_type=\"section\" data-e-type=\"section\" data-settings=\"{&quot;background_background&quot;:&quot;classic&quot;}\">\n\t\t\t\t\t\t<div class=\"elementor-container elementor-column-gap-default\">\n\t\t\t\t\t<div class=\"elementor-column elementor-col-100 elementor-top-column elementor-element elementor-element-11effbd\" data-id=\"11effbd\" data-element_type=\"column\" data-e-type=\"column\">\n\t\t\t<div class=\"elementor-widget-wrap elementor-element-populated\">\n\t\t\t\t\t\t<div class=\"elementor-element elementor-element-327ed8f elementor-widget elementor-widget-heading\" data-id=\"327ed8f\" data-element_type=\"widget\" data-e-type=\"widget\" data-widget_type=\"heading.default\">\n\t\t\t\t<div class=\"elementor-widget-container\">\n\t\t\t\t\t<h2 class=\"elementor-heading-title elementor-size-default\">Une question, un projet ?<\/h2>\t\t\t\t<\/div>\n\t\t\t\t<\/div>\n\t\t\t\t<div class=\"elementor-element elementor-element-8074814 elementor-widget elementor-widget-text-editor\" data-id=\"8074814\" data-element_type=\"widget\" data-e-type=\"widget\" data-widget_type=\"text-editor.default\">\n\t\t\t\t<div class=\"elementor-widget-container\">\n\t\t\t\t\t\t\t\t\t<p>N\u2019h\u00e9sitez pas \u00e0 nous en faire part : envoyez-nous un message et nous vous contacterons pour en discuter.<\/p>\n\t\t\t\t\t\t\t\t<\/div>\n\t\t\t\t<\/div>\n\t\t\t\t<div class=\"elementor-element elementor-element-11bd9b4 elementor-align-center elementor-widget elementor-widget-button\" data-id=\"11bd9b4\" data-element_type=\"widget\" data-e-type=\"widget\" data-widget_type=\"button.default\">\n\t\t\t\t<div class=\"elementor-widget-container\">\n\t\t\t\t\t\t\t\t\t<div class=\"elementor-button-wrapper\">\n\t\t\t\t\t<a class=\"elementor-button elementor-button-link elementor-size-sm\" href=\"https:\/\/swiss.speed.hebergement-com4design.fr\/fr\/contact-fr\/\">\n\t\t\t\t\t\t<span class=\"elementor-button-content-wrapper\">\n\t\t\t\t\t\t\t\t\t<span class=\"elementor-button-text\">\u00c9crivez-nous<\/span>\n\t\t\t\t\t<\/span>\n\t\t\t\t\t<\/a>\n\t\t\t\t<\/div>\n\t\t\t\t\t\t\t\t<\/div>\n\t\t\t\t<\/div>\n\t\t\t\t\t<\/div>\n\t\t<\/div>\n\t\t\t\t\t<\/div>\n\t\t<\/section>\n\t\t\t\t<\/div>\n\t\t\t\t<\/div>\n\t\t\t\t\t\t<\/div>\n\t\t\t\t<\/div>\n\t\t\t\t\t<\/div>\n\t\t<\/div>\n\t\t\t\t\t<\/div>\n\t\t<\/section>\n\t\t\t\t<\/div>\n\t\t","protected":false},"excerpt":{"rendered":"<p>\u00c0 travers le monde A&#038;A Jewellery : une pr\u00e9sence internationale Notre si\u00e8ge social et notre direction commerciale sont bas\u00e9s en Suisse. Notre centre de production est install\u00e9 \u00e0 Jaipur, capitale de la joaillerie en Inde. Il est compos\u00e9 de 3 usines \u00e9quip\u00e9es de machines performantes et soigneusement entretenues. Nous disposons d\u2019une succursale \u00e0 Londres, au [&hellip;]<\/p>\n","protected":false},"author":1,"featured_media":0,"parent":0,"menu_order":0,"comment_status":"closed","ping_status":"closed","template":"elementor_header_footer","meta":{"inline_featured_image":false,"footnotes":""},"class_list":["post-2079","page","type-page","status-publish","hentry"],"yoast_head":"<!-- This site is optimized with the Yoast SEO plugin v27.5 - https:\/\/yoast.com\/product\/yoast-seo-wordpress\/ -->\n<title>\u00c0 travers le monde - A&amp;A BJOUX SWISS<\/title>\n<meta name=\"robots\" content=\"noindex, follow, max-snippet:-1, max-image-preview:large, max-video-preview:-1\" \/>\n<meta property=\"og:locale\" content=\"fr_FR\" \/>\n<meta property=\"og:type\" content=\"article\" \/>\n<meta property=\"og:title\" content=\"\u00c0 travers le monde - A&amp;A BJOUX SWISS\" \/>\n<meta property=\"og:description\" content=\"\u00c0 travers le monde A&#038;A Jewellery : une pr\u00e9sence internationale Notre si\u00e8ge social et notre direction commerciale sont bas\u00e9s en Suisse. Notre centre de production est install\u00e9 \u00e0 Jaipur, capitale de la joaillerie en Inde. Il est compos\u00e9 de 3 usines \u00e9quip\u00e9es de machines performantes et soigneusement entretenues. Nous disposons d\u2019une succursale \u00e0 Londres, au [&hellip;]\" \/>\n<meta property=\"og:url\" content=\"https:\/\/aajewel.speed.hebergement-com4design.fr\/fr\/a-travers-le-monde\/\" \/>\n<meta property=\"og:site_name\" content=\"A&amp;A BJOUX SWISS\" \/>\n<meta property=\"article:modified_time\" content=\"2023-02-10T23:30:01+00:00\" \/>\n<meta property=\"og:image\" content=\"https:\/\/aajewel.speed.hebergement-com4design.fr\/wp-content\/uploads\/2023\/02\/Groupe-53174-1.png\" \/>\n<meta name=\"twitter:card\" content=\"summary_large_image\" \/>\n<meta name=\"twitter:label1\" content=\"Dur\u00e9e de lecture estim\u00e9e\" \/>\n\t<meta name=\"twitter:data1\" content=\"3 minutes\" \/>\n<script type=\"application\/ld+json\" class=\"yoast-schema-graph\">{\"@context\":\"https:\\\/\\\/schema.org\",\"@graph\":[{\"@type\":\"WebPage\",\"@id\":\"https:\\\/\\\/aajewel.speed.hebergement-com4design.fr\\\/fr\\\/a-travers-le-monde\\\/\",\"url\":\"https:\\\/\\\/aajewel.speed.hebergement-com4design.fr\\\/fr\\\/a-travers-le-monde\\\/\",\"name\":\"\u00c0 travers le monde - A&amp;A BJOUX SWISS\",\"isPartOf\":{\"@id\":\"https:\\\/\\\/aajewel.speed.hebergement-com4design.fr\\\/#website\"},\"primaryImageOfPage\":{\"@id\":\"https:\\\/\\\/aajewel.speed.hebergement-com4design.fr\\\/fr\\\/a-travers-le-monde\\\/#primaryimage\"},\"image\":{\"@id\":\"https:\\\/\\\/aajewel.speed.hebergement-com4design.fr\\\/fr\\\/a-travers-le-monde\\\/#primaryimage\"},\"thumbnailUrl\":\"https:\\\/\\\/aajewel.speed.hebergement-com4design.fr\\\/wp-content\\\/uploads\\\/2023\\\/02\\\/Groupe-53174-1.png\",\"datePublished\":\"2023-02-05T14:53:59+00:00\",\"dateModified\":\"2023-02-10T23:30:01+00:00\",\"breadcrumb\":{\"@id\":\"https:\\\/\\\/aajewel.speed.hebergement-com4design.fr\\\/fr\\\/a-travers-le-monde\\\/#breadcrumb\"},\"inLanguage\":\"fr-FR\",\"potentialAction\":[{\"@type\":\"ReadAction\",\"target\":[\"https:\\\/\\\/aajewel.speed.hebergement-com4design.fr\\\/fr\\\/a-travers-le-monde\\\/\"]}]},{\"@type\":\"ImageObject\",\"inLanguage\":\"fr-FR\",\"@id\":\"https:\\\/\\\/aajewel.speed.hebergement-com4design.fr\\\/fr\\\/a-travers-le-monde\\\/#primaryimage\",\"url\":\"https:\\\/\\\/aajewel.speed.hebergement-com4design.fr\\\/wp-content\\\/uploads\\\/2023\\\/02\\\/Groupe-53174-1.png\",\"contentUrl\":\"https:\\\/\\\/aajewel.speed.hebergement-com4design.fr\\\/wp-content\\\/uploads\\\/2023\\\/02\\\/Groupe-53174-1.png\"},{\"@type\":\"BreadcrumbList\",\"@id\":\"https:\\\/\\\/aajewel.speed.hebergement-com4design.fr\\\/fr\\\/a-travers-le-monde\\\/#breadcrumb\",\"itemListElement\":[{\"@type\":\"ListItem\",\"position\":1,\"name\":\"Home\",\"item\":\"https:\\\/\\\/aajewel.speed.hebergement-com4design.fr\\\/fr\\\/\"},{\"@type\":\"ListItem\",\"position\":2,\"name\":\"\u00c0 travers le monde\"}]},{\"@type\":\"WebSite\",\"@id\":\"https:\\\/\\\/aajewel.speed.hebergement-com4design.fr\\\/#website\",\"url\":\"https:\\\/\\\/aajewel.speed.hebergement-com4design.fr\\\/\",\"name\":\"A&amp;A BJOUX SWISS\",\"description\":\"\",\"potentialAction\":[{\"@type\":\"SearchAction\",\"target\":{\"@type\":\"EntryPoint\",\"urlTemplate\":\"https:\\\/\\\/aajewel.speed.hebergement-com4design.fr\\\/?s={search_term_string}\"},\"query-input\":{\"@type\":\"PropertyValueSpecification\",\"valueRequired\":true,\"valueName\":\"search_term_string\"}}],\"inLanguage\":\"fr-FR\"}]}<\/script>\n<!-- \/ Yoast SEO plugin. -->","yoast_head_json":{"title":"\u00c0 travers le monde - A&amp;A BJOUX SWISS","robots":{"index":"noindex","follow":"follow","max-snippet":"max-snippet:-1","max-image-preview":"max-image-preview:large","max-video-preview":"max-video-preview:-1"},"og_locale":"fr_FR","og_type":"article","og_title":"\u00c0 travers le monde - A&amp;A BJOUX SWISS","og_description":"\u00c0 travers le monde A&#038;A Jewellery : une pr\u00e9sence internationale Notre si\u00e8ge social et notre direction commerciale sont bas\u00e9s en Suisse. Notre centre de production est install\u00e9 \u00e0 Jaipur, capitale de la joaillerie en Inde. Il est compos\u00e9 de 3 usines \u00e9quip\u00e9es de machines performantes et soigneusement entretenues. Nous disposons d\u2019une succursale \u00e0 Londres, au [&hellip;]","og_url":"https:\/\/aajewel.speed.hebergement-com4design.fr\/fr\/a-travers-le-monde\/","og_site_name":"A&amp;A BJOUX SWISS","article_modified_time":"2023-02-10T23:30:01+00:00","og_image":[{"url":"https:\/\/aajewel.speed.hebergement-com4design.fr\/wp-content\/uploads\/2023\/02\/Groupe-53174-1.png","type":"","width":"","height":""}],"twitter_card":"summary_large_image","twitter_misc":{"Dur\u00e9e de lecture estim\u00e9e":"3 minutes"},"schema":{"@context":"https:\/\/schema.org","@graph":[{"@type":"WebPage","@id":"https:\/\/aajewel.speed.hebergement-com4design.fr\/fr\/a-travers-le-monde\/","url":"https:\/\/aajewel.speed.hebergement-com4design.fr\/fr\/a-travers-le-monde\/","name":"\u00c0 travers le monde - A&amp;A BJOUX SWISS","isPartOf":{"@id":"https:\/\/aajewel.speed.hebergement-com4design.fr\/#website"},"primaryImageOfPage":{"@id":"https:\/\/aajewel.speed.hebergement-com4design.fr\/fr\/a-travers-le-monde\/#primaryimage"},"image":{"@id":"https:\/\/aajewel.speed.hebergement-com4design.fr\/fr\/a-travers-le-monde\/#primaryimage"},"thumbnailUrl":"https:\/\/aajewel.speed.hebergement-com4design.fr\/wp-content\/uploads\/2023\/02\/Groupe-53174-1.png","datePublished":"2023-02-05T14:53:59+00:00","dateModified":"2023-02-10T23:30:01+00:00","breadcrumb":{"@id":"https:\/\/aajewel.speed.hebergement-com4design.fr\/fr\/a-travers-le-monde\/#breadcrumb"},"inLanguage":"fr-FR","potentialAction":[{"@type":"ReadAction","target":["https:\/\/aajewel.speed.hebergement-com4design.fr\/fr\/a-travers-le-monde\/"]}]},{"@type":"ImageObject","inLanguage":"fr-FR","@id":"https:\/\/aajewel.speed.hebergement-com4design.fr\/fr\/a-travers-le-monde\/#primaryimage","url":"https:\/\/aajewel.speed.hebergement-com4design.fr\/wp-content\/uploads\/2023\/02\/Groupe-53174-1.png","contentUrl":"https:\/\/aajewel.speed.hebergement-com4design.fr\/wp-content\/uploads\/2023\/02\/Groupe-53174-1.png"},{"@type":"BreadcrumbList","@id":"https:\/\/aajewel.speed.hebergement-com4design.fr\/fr\/a-travers-le-monde\/#breadcrumb","itemListElement":[{"@type":"ListItem","position":1,"name":"Home","item":"https:\/\/aajewel.speed.hebergement-com4design.fr\/fr\/"},{"@type":"ListItem","position":2,"name":"\u00c0 travers le monde"}]},{"@type":"WebSite","@id":"https:\/\/aajewel.speed.hebergement-com4design.fr\/#website","url":"https:\/\/aajewel.speed.hebergement-com4design.fr\/","name":"A&amp;A BJOUX SWISS","description":"","potentialAction":[{"@type":"SearchAction","target":{"@type":"EntryPoint","urlTemplate":"https:\/\/aajewel.speed.hebergement-com4design.fr\/?s={search_term_string}"},"query-input":{"@type":"PropertyValueSpecification","valueRequired":true,"valueName":"search_term_string"}}],"inLanguage":"fr-FR"}]}},"_links":{"self":[{"href":"https:\/\/aajewel.speed.hebergement-com4design.fr\/fr\/wp-json\/wp\/v2\/pages\/2079","targetHints":{"allow":["GET"]}}],"collection":[{"href":"https:\/\/aajewel.speed.hebergement-com4design.fr\/fr\/wp-json\/wp\/v2\/pages"}],"about":[{"href":"https:\/\/aajewel.speed.hebergement-com4design.fr\/fr\/wp-json\/wp\/v2\/types\/page"}],"author":[{"embeddable":true,"href":"https:\/\/aajewel.speed.hebergement-com4design.fr\/fr\/wp-json\/wp\/v2\/users\/1"}],"replies":[{"embeddable":true,"href":"https:\/\/aajewel.speed.hebergement-com4design.fr\/fr\/wp-json\/wp\/v2\/comments?post=2079"}],"version-history":[{"count":4,"href":"https:\/\/aajewel.speed.hebergement-com4design.fr\/fr\/wp-json\/wp\/v2\/pages\/2079\/revisions"}],"predecessor-version":[{"id":2602,"href":"https:\/\/aajewel.speed.hebergement-com4design.fr\/fr\/wp-json\/wp\/v2\/pages\/2079\/revisions\/2602"}],"wp:attachment":[{"href":"https:\/\/aajewel.speed.hebergement-com4design.fr\/fr\/wp-json\/wp\/v2\/media?parent=2079"}],"curies":[{"name":"wp","href":"https:\/\/api.w.org\/{rel}","templated":true}]}}